{"id":272,"date":"2023-04-09T13:55:41","date_gmt":"2023-04-09T13:55:41","guid":{"rendered":"http:\/\/gorgoneceramicos.com.ar\/web\/?page_id=272"},"modified":"2023-07-08T13:25:57","modified_gmt":"2023-07-08T16:25:57","slug":"contacto","status":"publish","type":"page","link":"https:\/\/gorgoneceramicos.com.ar\/web\/contacto\/","title":{"rendered":"Contacto"},"content":{"rendered":"<p>[et_pb_section fb_built=\u00bb1&#8243; custom_padding_last_edited=\u00bbon|phone\u00bb _builder_version=\u00bb4.21.0&#8243; background_enable_color=\u00bboff\u00bb use_background_color_gradient=\u00bbon\u00bb background_color_gradient_direction=\u00bb90deg\u00bb background_color_gradient_stops=\u00bbrgba(0,0,0,0.86) 0%|rgba(0,0,0,0.14) 100%\u00bb background_image=\u00bbhttps:\/\/gorgoneceramicos.com.ar\/web\/wp-content\/uploads\/interior-02-slide.jpg\u00bb custom_margin=\u00bb0px||0px||false|false\u00bb custom_padding=\u00bb110px||110px||true|false\u00bb custom_padding_tablet=\u00bb110px||110px||true|false\u00bb custom_padding_phone=\u00bb60px||60px||true|false\u00bb bottom_divider_height=\u00bb42px\u00bb hover_enabled=\u00bb0&#8243; border_color_bottom=\u00bbgcid-a5ce1d8c-0d02-4760-8bf8-931505494855&#8243; box_shadow_style=\u00bbpreset1&#8243; locked=\u00bboff\u00bb global_colors_info=\u00bb{%22gcid-a5ce1d8c-0d02-4760-8bf8-931505494855%22:%91%22border_color_bottom%22%93}\u00bb sticky_enabled=\u00bb0&#8243;][et_pb_row use_custom_gutter=\u00bbon\u00bb gutter_width=\u00bb1&#8243; custom_padding_last_edited=\u00bbon|phone\u00bb _builder_version=\u00bb4.21.0&#8243; use_background_color_gradient=\u00bbon\u00bb background_color_gradient_direction=\u00bb90deg\u00bb background_color_gradient_stops=\u00bbrgba(0,0,0,0.78) 0%|rgba(0,0,0,0) 72%\u00bb background_size=\u00bbinitial\u00bb background_position=\u00bbtop_left\u00bb background_repeat=\u00bbrepeat\u00bb width=\u00bb85%\u00bb max_width=\u00bb100%\u00bb module_alignment=\u00bbcenter\u00bb custom_margin=\u00bb0px||0px||true|false\u00bb custom_padding=\u00bb20px||20px||true|false\u00bb custom_padding_tablet=\u00bb20px||20px||true|false\u00bb custom_padding_phone=\u00bb0px||0px||true|false\u00bb global_colors_info=\u00bb{}\u00bb][et_pb_column type=\u00bb4_4&#8243; _builder_version=\u00bb4.20.4&#8243; custom_padding=\u00bb|||\u00bb global_colors_info=\u00bb{}\u00bb custom_padding__hover=\u00bb|||\u00bb][et_pb_text _builder_version=\u00bb4.21.0&#8243; _module_preset=\u00bbdefault\u00bb text_font=\u00bbRaleway|300|||||||\u00bb text_text_color=\u00bb#FFFFFF\u00bb text_font_size=\u00bb38px\u00bb text_line_height=\u00bb48px\u00bb custom_margin=\u00bb||||false|false\u00bb custom_padding=\u00bb|||25px|false|false\u00bb custom_padding_tablet=\u00bb|||25px|false|false\u00bb custom_padding_phone=\u00bb0px||0px|25px|true|false\u00bb custom_padding_last_edited=\u00bbon|phone\u00bb text_font_size_tablet=\u00bb38px\u00bb text_font_size_phone=\u00bb32px\u00bb text_font_size_last_edited=\u00bbon|phone\u00bb global_colors_info=\u00bb{}\u00bb]<\/p>\n<p>Contacto<\/p>\n<p>[\/et_pb_text][\/et_pb_column][\/et_pb_row][\/et_pb_section][et_pb_section fb_built=\u00bb1&#8243; custom_padding_last_edited=\u00bbon|phone\u00bb _builder_version=\u00bb4.21.0&#8243; background_enable_color=\u00bboff\u00bb background_enable_image=\u00bboff\u00bb background_blend=\u00bbscreen\u00bb custom_margin=\u00bb0px||0px||false|false\u00bb custom_padding=\u00bb80px||80px||true|false\u00bb custom_padding_tablet=\u00bb80px||80px||true|false\u00bb custom_padding_phone=\u00bb40px||60px||false|false\u00bb locked=\u00bboff\u00bb global_colors_info=\u00bb{}\u00bb][et_pb_row column_structure=\u00bb2_5,3_5&#8243; use_custom_gutter=\u00bbon\u00bb gutter_width=\u00bb2&#8243; disabled_on=\u00bboff|off|off\u00bb _builder_version=\u00bb4.21.0&#8243; background_size=\u00bbinitial\u00bb background_position=\u00bbtop_left\u00bb background_repeat=\u00bbrepeat\u00bb width=\u00bb85%\u00bb max_width=\u00bb90%\u00bb custom_margin=\u00bb0px||0px||true|false\u00bb custom_padding=\u00bb0px||0px||true|false\u00bb global_colors_info=\u00bb{}\u00bb][et_pb_column type=\u00bb2_5&#8243; _builder_version=\u00bb4.20.4&#8243; custom_padding=\u00bb|||\u00bb global_colors_info=\u00bb{}\u00bb custom_padding__hover=\u00bb|||\u00bb][et_pb_text _builder_version=\u00bb4.21.0&#8243; _module_preset=\u00bbdefault\u00bb text_font=\u00bbRaleway||||||||\u00bb text_text_color=\u00bbgcid-163cb928-51a5-4840-9d5b-a7d66a6e9a11&#8243; text_font_size=\u00bb32px\u00bb custom_margin=\u00bb20px||||false|false\u00bb text_font_size_tablet=\u00bb32px\u00bb text_font_size_phone=\u00bb28px\u00bb text_font_size_last_edited=\u00bbon|phone\u00bb global_colors_info=\u00bb{%22gcid-163cb928-51a5-4840-9d5b-a7d66a6e9a11%22:%91%22text_text_color%22%93}\u00bb]<\/p>\n<p>Detalles de Contacto<\/p>\n<p>[\/et_pb_text][et_pb_divider color=\u00bbgcid-a5ce1d8c-0d02-4760-8bf8-931505494855&#8243; divider_weight=\u00bb3px\u00bb _builder_version=\u00bb4.20.4&#8243; _module_preset=\u00bbdefault\u00bb custom_margin=\u00bb20px||5px||false|false\u00bb global_colors_info=\u00bb{%22gcid-a5ce1d8c-0d02-4760-8bf8-931505494855%22:%91%22color%22%93}\u00bb][\/et_pb_divider][et_pb_text disabled_on=\u00bboff|off|off\u00bb _builder_version=\u00bb4.21.0&#8243; _module_preset=\u00bbdefault\u00bb text_font=\u00bbRaleway|500|||||||\u00bb text_text_color=\u00bbgcid-163cb928-51a5-4840-9d5b-a7d66a6e9a11&#8243; text_font_size=\u00bb16px\u00bb text_line_height=\u00bb25px\u00bb custom_margin=\u00bb||40px||false|false\u00bb custom_margin_tablet=\u00bb||40px||false|false\u00bb custom_margin_phone=\u00bb||0px||false|false\u00bb custom_margin_last_edited=\u00bbon|phone\u00bb global_colors_info=\u00bb{%22gcid-163cb928-51a5-4840-9d5b-a7d66a6e9a11%22:%91%22text_text_color%22%93}\u00bb]<\/p>\n<p>Complete el formulario y nos contactaremos a la brevedad<\/p>\n<p>[\/et_pb_text][et_pb_blurb title=\u00bbD\u00f3nde Estamos\u00bb use_icon=\u00bbon\u00bb font_icon=\u00bb&#xe081;||divi||400&#8243; icon_color=\u00bb#ce7218&#8243; icon_placement=\u00bbleft\u00bb image_icon_width=\u00bb25px\u00bb disabled_on=\u00bbon|off|off\u00bb _builder_version=\u00bb4.21.0&#8243; _module_preset=\u00bbdefault\u00bb header_font=\u00bbRaleway||||||||\u00bb header_text_color=\u00bbgcid-163cb928-51a5-4840-9d5b-a7d66a6e9a11&#8243; header_font_size=\u00bb18px\u00bb body_font=\u00bbOpen Sans||||||||\u00bb body_text_color=\u00bbgcid-8b8deca6-c588-4c90-883b-90ce527b69bb\u00bb image_icon_custom_margin=\u00bb-5px||||false|false\u00bb hover_enabled=\u00bb0&#8243; locked=\u00bboff\u00bb global_colors_info=\u00bb{%22gcid-902c0bb6-c619-4a8b-bd51-f28894dc837d%22:%91%22icon_color%22%93,%22gcid-163cb928-51a5-4840-9d5b-a7d66a6e9a11%22:%91%22header_text_color%22%93,%22gcid-8b8deca6-c588-4c90-883b-90ce527b69bb%22:%91%22body_text_color%22%93}\u00bb sticky_enabled=\u00bb0&#8243;]<\/p>\n<p>Av. Mitre 4470 esq. Santa Fe (1878) Ezpeleta &#8211; Pdo de Quilmes<\/p>\n<p>[\/et_pb_blurb][et_pb_blurb title=\u00bbTel\u00e9fono\u00bb use_icon=\u00bbon\u00bb font_icon=\u00bb&#xf095;||fa||900&#8243; icon_color=\u00bb#ce7218&#8243; icon_placement=\u00bbleft\u00bb image_icon_width=\u00bb23px\u00bb disabled_on=\u00bbon|off|off\u00bb _builder_version=\u00bb4.20.4&#8243; _module_preset=\u00bbdefault\u00bb header_font=\u00bbRaleway||||||||\u00bb header_text_color=\u00bbgcid-163cb928-51a5-4840-9d5b-a7d66a6e9a11&#8243; header_font_size=\u00bb18px\u00bb body_font=\u00bbOpen Sans||||||||\u00bb body_text_color=\u00bbgcid-8b8deca6-c588-4c90-883b-90ce527b69bb\u00bb image_icon_custom_margin=\u00bb-5px||||false|false\u00bb locked=\u00bboff\u00bb global_colors_info=\u00bb{%22gcid-902c0bb6-c619-4a8b-bd51-f28894dc837d%22:%91%22icon_color%22,%22icon_color%22,%22icon_color%22%93,%22gcid-163cb928-51a5-4840-9d5b-a7d66a6e9a11%22:%91%22header_text_color%22,%22header_text_color%22%93,%22gcid-8b8deca6-c588-4c90-883b-90ce527b69bb%22:%91%22body_text_color%22,%22body_text_color%22%93,%22gcid-2e1e4ed3-9b89-4d59-8b05-95c7b8576b1b%22:%91%22body_text_color%22%93}\u00bb]<\/p>\n<p>011 4278-9150<\/p>\n<p>[\/et_pb_blurb][et_pb_blurb title=\u00bbWhatsapp\u00bb use_icon=\u00bbon\u00bb font_icon=\u00bb&#xf232;||fa||400&#8243; icon_color=\u00bb#ce7218&#8243; icon_placement=\u00bbleft\u00bb image_icon_width=\u00bb25px\u00bb disabled_on=\u00bbon|off|off\u00bb _builder_version=\u00bb4.20.4&#8243; _module_preset=\u00bbdefault\u00bb header_font=\u00bbRaleway||||||||\u00bb header_text_color=\u00bbgcid-163cb928-51a5-4840-9d5b-a7d66a6e9a11&#8243; header_font_size=\u00bb18px\u00bb body_font=\u00bbOpen Sans||||||||\u00bb body_text_color=\u00bbgcid-8b8deca6-c588-4c90-883b-90ce527b69bb\u00bb image_icon_custom_margin=\u00bb-5px||||false|false\u00bb locked=\u00bboff\u00bb global_colors_info=\u00bb{%22gcid-902c0bb6-c619-4a8b-bd51-f28894dc837d%22:%91%22icon_color%22%93,%22gcid-163cb928-51a5-4840-9d5b-a7d66a6e9a11%22:%91%22header_text_color%22%93,%22gcid-8b8deca6-c588-4c90-883b-90ce527b69bb%22:%91%22body_text_color%22%93,%22gcid-2e1e4ed3-9b89-4d59-8b05-95c7b8576b1b%22:%91%22body_text_color%22%93,%22gcid-a5ce1d8c-0d02-4760-8bf8-931505494855%22:%91%22icon_color%22%93}\u00bb]+54 9 11 3177-4656[\/et_pb_blurb][et_pb_blurb title=\u00bbE-mail\u00bb use_icon=\u00bbon\u00bb font_icon=\u00bb&#xf0e0;||fa||900&#8243; icon_color=\u00bb#ce7218&#8243; icon_placement=\u00bbleft\u00bb image_icon_width=\u00bb23px\u00bb disabled_on=\u00bbon|off|off\u00bb _builder_version=\u00bb4.20.2&#8243; _module_preset=\u00bbdefault\u00bb header_font=\u00bbRaleway||||||||\u00bb header_text_color=\u00bbgcid-163cb928-51a5-4840-9d5b-a7d66a6e9a11&#8243; header_font_size=\u00bb18px\u00bb body_font=\u00bbOpen Sans||||||||\u00bb body_text_color=\u00bbgcid-8b8deca6-c588-4c90-883b-90ce527b69bb\u00bb image_icon_custom_margin=\u00bb-5px||||false|false\u00bb locked=\u00bboff\u00bb global_colors_info=\u00bb{%22gcid-902c0bb6-c619-4a8b-bd51-f28894dc837d%22:%91%22icon_color%22,%22icon_color%22,%22icon_color%22,%22icon_color%22,%22icon_color%22%93,%22gcid-163cb928-51a5-4840-9d5b-a7d66a6e9a11%22:%91%22header_text_color%22,%22header_text_color%22,%22header_text_color%22%93,%22gcid-8b8deca6-c588-4c90-883b-90ce527b69bb%22:%91%22body_text_color%22,%22body_text_color%22,%22body_text_color%22%93,%22gcid-2e1e4ed3-9b89-4d59-8b05-95c7b8576b1b%22:%91%22body_text_color%22,%22body_text_color%22%93}\u00bb]info@gorgoneceramicos.com.ar[\/et_pb_blurb][\/et_pb_column][et_pb_column type=\u00bb3_5&#8243; _builder_version=\u00bb4.20.4&#8243; custom_padding=\u00bb||||false|false\u00bb box_shadow_style=\u00bbpreset1&#8243; box_shadow_color=\u00bbrgba(0,0,0,0.16)\u00bb global_colors_info=\u00bb{}\u00bb custom_padding__hover=\u00bb|||\u00bb][et_pb_contact_form use_spam_service=\u00bbon\u00bb recaptcha_list=\u00bbGorgone|Gorgone-0&#8243; email=\u00bbinfo@gorgoneceramicos.com.ar\u00bb custom_message=\u00bbNombre y Apelido: %%Nombre%%||et_pb_line_break_holder||Tel\u00e9fono: %%Telefono%%||et_pb_line_break_holder||E-mail: %%Email%%||et_pb_line_break_holder||Consulta: %%Consulta%%||et_pb_line_break_holder||\u00bb use_redirect=\u00bbon\u00bb redirect_url=\u00bbhttps:\/\/gorgoneceramicos.com.ar\/web\/gracias-por-contactarnos\u00bb _builder_version=\u00bb4.21.0&#8243; _module_preset=\u00bbdefault\u00bb _unique_id=\u00bbe7f62e5a-8a01-4900-baf1-4ec1879950bc\u00bb form_field_background_color=\u00bb#FFFFFF\u00bb form_field_focus_background_color=\u00bb#FFFFFF\u00bb title_font=\u00bbRaleway||||||||\u00bb form_field_font=\u00bbRaleway|500|||||||\u00bb form_field_font_size=\u00bb16px\u00bb custom_button=\u00bbon\u00bb button_text_size=\u00bb18px\u00bb button_text_color=\u00bbgcid-a5ce1d8c-0d02-4760-8bf8-931505494855&#8243; button_font=\u00bbRaleway||||||||\u00bb button_custom_margin=\u00bb30px||||false|false\u00bb button_custom_padding=\u00bb5px||5px||true|false\u00bb custom_margin=\u00bb40px|40px|40px|40px|true|true\u00bb custom_margin_tablet=\u00bb40px|40px|40px|40px|true|true\u00bb custom_margin_phone=\u00bb30px|10px|30px|10px|true|true\u00bb custom_margin_last_edited=\u00bbon|phone\u00bb border_width_bottom=\u00bb1px\u00bb border_color_bottom=\u00bb#bfbfbf\u00bb global_colors_info=\u00bb{%22gcid-a5ce1d8c-0d02-4760-8bf8-931505494855%22:%91%22button_text_color%22%93}\u00bb][et_pb_contact_field field_id=\u00bbNombre\u00bb field_title=\u00bbNombre y Apellido\u00bb fullwidth_field=\u00bbon\u00bb _builder_version=\u00bb4.20.4&#8243; global_colors_info=\u00bb{}\u00bb button_text_size__hover_enabled=\u00bboff\u00bb button_one_text_size__hover_enabled=\u00bboff\u00bb button_two_text_size__hover_enabled=\u00bboff\u00bb button_text_color__hover_enabled=\u00bboff\u00bb button_one_text_color__hover_enabled=\u00bboff\u00bb button_two_text_color__hover_enabled=\u00bboff\u00bb button_border_width__hover_enabled=\u00bboff\u00bb button_one_border_width__hover_enabled=\u00bboff\u00bb button_two_border_width__hover_enabled=\u00bboff\u00bb button_border_color__hover_enabled=\u00bboff\u00bb button_one_border_color__hover_enabled=\u00bboff\u00bb button_two_border_color__hover_enabled=\u00bboff\u00bb button_border_radius__hover_enabled=\u00bboff\u00bb button_one_border_radius__hover_enabled=\u00bboff\u00bb button_two_border_radius__hover_enabled=\u00bboff\u00bb button_letter_spacing__hover_enabled=\u00bboff\u00bb button_one_letter_spacing__hover_enabled=\u00bboff\u00bb button_two_letter_spacing__hover_enabled=\u00bboff\u00bb button_bg_color__hover_enabled=\u00bboff\u00bb button_one_bg_color__hover_enabled=\u00bboff\u00bb button_two_bg_color__hover_enabled=\u00bboff\u00bb][\/et_pb_contact_field][et_pb_contact_field field_id=\u00bbTelefono\u00bb field_title=\u00bbTel\u00e9fono\u00bb _builder_version=\u00bb4.20.4&#8243; global_colors_info=\u00bb{}\u00bb button_text_size__hover_enabled=\u00bboff\u00bb button_one_text_size__hover_enabled=\u00bboff\u00bb button_two_text_size__hover_enabled=\u00bboff\u00bb button_text_color__hover_enabled=\u00bboff\u00bb button_one_text_color__hover_enabled=\u00bboff\u00bb button_two_text_color__hover_enabled=\u00bboff\u00bb button_border_width__hover_enabled=\u00bboff\u00bb button_one_border_width__hover_enabled=\u00bboff\u00bb button_two_border_width__hover_enabled=\u00bboff\u00bb button_border_color__hover_enabled=\u00bboff\u00bb button_one_border_color__hover_enabled=\u00bboff\u00bb button_two_border_color__hover_enabled=\u00bboff\u00bb button_border_radius__hover_enabled=\u00bboff\u00bb button_one_border_radius__hover_enabled=\u00bboff\u00bb button_two_border_radius__hover_enabled=\u00bboff\u00bb button_letter_spacing__hover_enabled=\u00bboff\u00bb button_one_letter_spacing__hover_enabled=\u00bboff\u00bb button_two_letter_spacing__hover_enabled=\u00bboff\u00bb button_bg_color__hover_enabled=\u00bboff\u00bb button_one_bg_color__hover_enabled=\u00bboff\u00bb button_two_bg_color__hover_enabled=\u00bboff\u00bb][\/et_pb_contact_field][et_pb_contact_field field_id=\u00bbEmail\u00bb field_title=\u00bbE-mail\u00bb field_type=\u00bbemail\u00bb _builder_version=\u00bb4.21.0&#8243; global_colors_info=\u00bb{}\u00bb button_text_size__hover_enabled=\u00bboff\u00bb button_one_text_size__hover_enabled=\u00bboff\u00bb button_two_text_size__hover_enabled=\u00bboff\u00bb button_text_color__hover_enabled=\u00bboff\u00bb button_one_text_color__hover_enabled=\u00bboff\u00bb button_two_text_color__hover_enabled=\u00bboff\u00bb button_border_width__hover_enabled=\u00bboff\u00bb button_one_border_width__hover_enabled=\u00bboff\u00bb button_two_border_width__hover_enabled=\u00bboff\u00bb button_border_color__hover_enabled=\u00bboff\u00bb button_one_border_color__hover_enabled=\u00bboff\u00bb button_two_border_color__hover_enabled=\u00bboff\u00bb button_border_radius__hover_enabled=\u00bboff\u00bb button_one_border_radius__hover_enabled=\u00bboff\u00bb button_two_border_radius__hover_enabled=\u00bboff\u00bb button_letter_spacing__hover_enabled=\u00bboff\u00bb button_one_letter_spacing__hover_enabled=\u00bboff\u00bb button_two_letter_spacing__hover_enabled=\u00bboff\u00bb button_bg_color__hover_enabled=\u00bboff\u00bb button_one_bg_color__hover_enabled=\u00bboff\u00bb button_two_bg_color__hover_enabled=\u00bboff\u00bb][\/et_pb_contact_field][et_pb_contact_field field_id=\u00bbConsulta\u00bb field_title=\u00bbConsulta\u00bb field_type=\u00bbtext\u00bb fullwidth_field=\u00bbon\u00bb _builder_version=\u00bb4.20.4&#8243; global_colors_info=\u00bb{}\u00bb button_text_size__hover_enabled=\u00bboff\u00bb button_one_text_size__hover_enabled=\u00bboff\u00bb button_two_text_size__hover_enabled=\u00bboff\u00bb button_text_color__hover_enabled=\u00bboff\u00bb button_one_text_color__hover_enabled=\u00bboff\u00bb button_two_text_color__hover_enabled=\u00bboff\u00bb button_border_width__hover_enabled=\u00bboff\u00bb button_one_border_width__hover_enabled=\u00bboff\u00bb button_two_border_width__hover_enabled=\u00bboff\u00bb button_border_color__hover_enabled=\u00bboff\u00bb button_one_border_color__hover_enabled=\u00bboff\u00bb button_two_border_color__hover_enabled=\u00bboff\u00bb button_border_radius__hover_enabled=\u00bboff\u00bb button_one_border_radius__hover_enabled=\u00bboff\u00bb button_two_border_radius__hover_enabled=\u00bboff\u00bb button_letter_spacing__hover_enabled=\u00bboff\u00bb button_one_letter_spacing__hover_enabled=\u00bboff\u00bb button_two_letter_spacing__hover_enabled=\u00bboff\u00bb button_bg_color__hover_enabled=\u00bboff\u00bb button_one_bg_color__hover_enabled=\u00bboff\u00bb button_two_bg_color__hover_enabled=\u00bboff\u00bb][\/et_pb_contact_field][\/et_pb_contact_form][\/et_pb_column][\/et_pb_row][\/et_pb_section][et_pb_section fb_built=\u00bb1&#8243; _builder_version=\u00bb4.20.2&#8243; _module_preset=\u00bbdefault\u00bb custom_margin=\u00bb0px||0px||true|false\u00bb custom_padding=\u00bb0px||0px||true|false\u00bb locked=\u00bboff\u00bb global_colors_info=\u00bb{}\u00bb][et_pb_row _builder_version=\u00bb4.20.2&#8243; _module_preset=\u00bbdefault\u00bb width=\u00bb100%\u00bb max_width=\u00bb100%\u00bb custom_margin=\u00bb0px||0px||true|false\u00bb custom_padding=\u00bb0px||0px||true|false\u00bb global_colors_info=\u00bb{}\u00bb][et_pb_column type=\u00bb4_4&#8243; _builder_version=\u00bb4.20.2&#8243; _module_preset=\u00bbdefault\u00bb global_colors_info=\u00bb{}\u00bb][et_pb_code _builder_version=\u00bb4.20.4&#8243; _module_preset=\u00bbdefault\u00bb custom_margin=\u00bb||-20px||false|false\u00bb global_colors_info=\u00bb{}\u00bb]<iframe src=\"https:\/\/www.google.com\/maps\/embed?pb=!1m14!1m8!1m3!1d9273.151237385808!2d-58.23753435423325!3d-34.74163331047838!3m2!1i1024!2i768!4f13.1!3m3!1m2!1s0x95a32f02f3796d0d%3A0xa44a7ffe02035a2e!2sCer%C3%A1micos%20Gorgone!5e0!3m2!1ses-419!2sar!4v1679963469325!5m2!1ses-419!2sar\" width=\"100%\" height=\"450\" style=\"border:0;\" allowfullscreen=\"\" loading=\"lazy\" referrerpolicy=\"no-referrer-when-downgrade\"><\/iframe>[\/et_pb_code][\/et_pb_column][\/et_pb_row][\/et_pb_section]<\/p>\n","protected":false},"excerpt":{"rendered":"<p>ContactoDetalles de ContactoComplete el formulario y nos contactaremos a la brevedadAv. Mitre 4470 esq. Santa Fe (1878) Ezpeleta &#8211; Pdo de Quilmes011 4278-9150+54 9 11 3177-4656info@gorgoneceramicos.com.ar<\/p>\n","protected":false},"author":4,"featured_media":0,"parent":0,"menu_order":0,"comment_status":"closed","ping_status":"closed","template":"","meta":{"_et_pb_use_builder":"on","_et_pb_old_content":"Esto es una p\u00e1gina de ejemplo. Es diferente a una entrada porque permanece fija en un lugar y se mostrar\u00e1 en la navegaci\u00f3n de tu sitio (en la mayor\u00eda de los temas). La mayor\u00eda de la gente empieza con una p\u00e1gina de Acerca de, que les presenta a los potenciales visitantes del sitio. Podr\u00eda ser algo como esto:\n<blockquote>\u00a1Hola! Soy mensajero por el d\u00eda, aspirante a actor por la noche, y este es mi blog. Vivo en Madrid, tengo un perrazo llamado Duque y me gustan las pi\u00f1as coladas (y que me pille un chaparr\u00f3n)<\/blockquote>\n...o algo as\u00ed:\n<blockquote>La empresa XYZ se fund\u00f3 en 1971 y ha estado ofreciendo \"cosas\" de calidad al p\u00fablico desde entonces. Situada en Madrid, XYZ emplea a m\u00e1s de 2.000 personas y hace todo tipo de cosas sorprendentes para la comunidad de Madrid.<\/blockquote>\nSi eres nuevo en WordPress deber\u00edas ir a <a href=\"http:\/\/gorgoneceramicos.com.ar\/web\/wp-admin\/\">tu escritorio<\/a> para borrar esta p\u00e1ginay crear p\u00e1ginas nuevas con tu propio contenido. \u00a1P\u00e1salo bien!","_et_gb_content_width":"","footnotes":""},"class_list":["post-272","page","type-page","status-publish","hentry"],"_links":{"self":[{"href":"https:\/\/gorgoneceramicos.com.ar\/web\/wp-json\/wp\/v2\/pages\/272","targetHints":{"allow":["GET"]}}],"collection":[{"href":"https:\/\/gorgoneceramicos.com.ar\/web\/wp-json\/wp\/v2\/pages"}],"about":[{"href":"https:\/\/gorgoneceramicos.com.ar\/web\/wp-json\/wp\/v2\/types\/page"}],"author":[{"embeddable":true,"href":"https:\/\/gorgoneceramicos.com.ar\/web\/wp-json\/wp\/v2\/users\/4"}],"replies":[{"embeddable":true,"href":"https:\/\/gorgoneceramicos.com.ar\/web\/wp-json\/wp\/v2\/comments?post=272"}],"version-history":[{"count":25,"href":"https:\/\/gorgoneceramicos.com.ar\/web\/wp-json\/wp\/v2\/pages\/272\/revisions"}],"predecessor-version":[{"id":1013,"href":"https:\/\/gorgoneceramicos.com.ar\/web\/wp-json\/wp\/v2\/pages\/272\/revisions\/1013"}],"wp:attachment":[{"href":"https:\/\/gorgoneceramicos.com.ar\/web\/wp-json\/wp\/v2\/media?parent=272"}],"curies":[{"name":"wp","href":"https:\/\/api.w.org\/{rel}","templated":true}]}}